{"id":103,"date":"2024-11-19T14:27:02","date_gmt":"2024-11-19T12:27:02","guid":{"rendered":"https:\/\/sahkokone.com\/?page_id=103"},"modified":"2025-03-22T15:39:50","modified_gmt":"2025-03-22T13:39:50","slug":"sahkolaitteista-hyodyllista-tietoa","status":"publish","type":"page","link":"https:\/\/sahkokone.com\/?page_id=103","title":{"rendered":"S\u00e4hk\u00f6laitteista hy\u00f6dyllist\u00e4 tietoa"},"content":{"rendered":"<ul class=\"wp-block-latest-posts__list wp-block-latest-posts\"><li><a class=\"wp-block-latest-posts__post-title\" href=\"https:\/\/sahkokone.com\/?p=536\">Timco 15TM Kasausohje 001<\/a><\/li>\n<li><a class=\"wp-block-latest-posts__post-title\" href=\"https:\/\/sahkokone.com\/?p=494\">Timco KVS18 Kett\u00e4vannesahan kasausohje<\/a><\/li>\n<li><a class=\"wp-block-latest-posts__post-title\" href=\"https:\/\/sahkokone.com\/?p=487\">Hydrauli\u00f6ljyn ja moottori\u00f6ljyn j\u00e4ykistyminen pakkasella, polttomoottorik\u00e4ytt\u00f6iset halkomakoneet.<\/a><\/li>\n<li><a class=\"wp-block-latest-posts__post-title\" href=\"https:\/\/sahkokone.com\/?p=480\">TIMCO PI100CUT plasmaleikkuri 32A sy\u00f6tt\u00f6virta<\/a><\/li>\n<li><a class=\"wp-block-latest-posts__post-title\" href=\"https:\/\/sahkokone.com\/?p=475\">FREZZER-MATKAJ\u00c4\u00c4KAAPIT 12\/24\/230 V k\u00e4ytt\u00f6 pakkasessa.<\/a><\/li>\n<li><a class=\"wp-block-latest-posts__post-title\" href=\"https:\/\/sahkokone.com\/?p=472\">TIMCO 30 kW diesel-hallil\u00e4mmittimen savutus k\u00e4ynnistyksess\u00e4 ja sammutuksessa \u2013 tekninen selitys<\/a><\/li>\n<li><a class=\"wp-block-latest-posts__post-title\" href=\"https:\/\/sahkokone.com\/?p=465\">Induktiokuumentimen l\u00e4mmityskela \u2013 tekninen k\u00e4ytt\u00f6ohje ja virhek\u00e4yt\u00f6n vaikutukset<\/a><\/li>\n<li><a class=\"wp-block-latest-posts__post-title\" href=\"https:\/\/sahkokone.com\/?p=457\">TEKNINEN TIEDOTE \u2013NARUSTA VEDETT\u00c4V\u00c4T GENERAATTORIT JA KYLM\u00c4K\u00c4YNNISTYS PAKKASESSA<\/a><\/li>\n<li><a class=\"wp-block-latest-posts__post-title\" href=\"https:\/\/sahkokone.com\/?p=452\">A- Ja B-tyypin Vikavirtasuojakytkimet<\/a><\/li>\n<li><a class=\"wp-block-latest-posts__post-title\" href=\"https:\/\/sahkokone.com\/?p=441\">Aurinkokennoj\u00e4rjestelmien lataaminen generaattorilla<\/a><\/li>\n<li><a class=\"wp-block-latest-posts__post-title\" href=\"https:\/\/sahkokone.com\/?p=432\">Generaattoreiden k\u00e4ytt\u00f6 ja turvallisuusopas 1.2<\/a><\/li>\n<li><a class=\"wp-block-latest-posts__post-title\" href=\"https:\/\/sahkokone.com\/?p=314\">Timco 12TA Kasausohje versio 001<\/a><\/li>\n<li><a class=\"wp-block-latest-posts__post-title\" href=\"https:\/\/sahkokone.com\/?p=290\">Hydrauliikkaj\u00e4rjestelm\u00e4n ilmakuplat Timco 7T ja 12T pikahalkomakoneissa<\/a><\/li>\n<li><a class=\"wp-block-latest-posts__post-title\" href=\"https:\/\/sahkokone.com\/?p=284\">Timco, Ducar, GXT, Sinemaster sek\u00e4 Scheppach Generaattoreiden 12vdc ulostulopistoke<\/a><\/li>\n<li><a class=\"wp-block-latest-posts__post-title\" href=\"https:\/\/sahkokone.com\/?p=206\">Timco MI250MIG, IT250MIG ja IT315MIG Suunnanvaihtokaapeli<\/a><\/li>\n<li><a class=\"wp-block-latest-posts__post-title\" href=\"https:\/\/sahkokone.com\/?p=201\">Uusi Timco I2000 SS2200I generaattori joka ei k\u00e4ynnisty<\/a><\/li>\n<li><a class=\"wp-block-latest-posts__post-title\" href=\"https:\/\/sahkokone.com\/?p=197\">Generaattorit jossa pelkk\u00e4 ylivirtasuoja (circuit breaker)<\/a><\/li>\n<li><a class=\"wp-block-latest-posts__post-title\" href=\"https:\/\/sahkokone.com\/?p=192\">Vikavirtasuoja generaattorissa<\/a><\/li>\n<li><a class=\"wp-block-latest-posts__post-title\" href=\"https:\/\/sahkokone.com\/?p=190\">Jakeluj\u00e4rjestelm\u00e4t (TN-C ja TN-S)<\/a><\/li>\n<li><a class=\"wp-block-latest-posts__post-title\" href=\"https:\/\/sahkokone.com\/?p=187\">Dieselk\u00e4ytt\u00f6inen infrapunal\u00e4mmitin ja kylm\u00e4 k\u00e4ynnistysl\u00e4mp\u00f6tila<\/a><\/li>\n<li><a class=\"wp-block-latest-posts__post-title\" href=\"https:\/\/sahkokone.com\/?p=183\">Ilmaj\u00e4\u00e4hdytteisen diesel generaattorin  k\u00e4ytt\u00f6 suljetussa tilassa<\/a><\/li>\n<li><a class=\"wp-block-latest-posts__post-title\" href=\"https:\/\/sahkokone.com\/?p=181\">Diesel generaattorien k\u00e4ytt\u00f6 kylmiss\u00e4 olosuhteissa<\/a><\/li>\n<li><a class=\"wp-block-latest-posts__post-title\" href=\"https:\/\/sahkokone.com\/?p=174\">Dieselk\u00e4ytt\u00f6inen infrapunal\u00e4mmitin ja farmis\u00e4ili\u00f6n polttoaine<\/a><\/li>\n<li><a class=\"wp-block-latest-posts__post-title\" href=\"https:\/\/sahkokone.com\/?p=172\">Timco IT-250 ja IT-315 mig hitsauskoneet ja langansy\u00f6tt\u00f6<\/a><\/li>\n<li><a class=\"wp-block-latest-posts__post-title\" href=\"https:\/\/sahkokone.com\/?p=168\">Smart Throtle toiminto I1000 ja I2000 sarjan generaattoreissa<\/a><\/li>\n<li><a class=\"wp-block-latest-posts__post-title\" href=\"https:\/\/sahkokone.com\/?p=166\">S\u00e4hk\u00f6k\u00e4ytt\u00f6isen halkomakoneen k\u00e4ytt\u00f6 pakkasella<\/a><\/li>\n<li><a class=\"wp-block-latest-posts__post-title\" href=\"https:\/\/sahkokone.com\/?p=164\">Miksi halkomakoneen kondensaattori rikkoutuu, johtuuko pitk\u00e4st\u00e4 jatkojohdosta esim?<\/a><\/li>\n<li><a class=\"wp-block-latest-posts__post-title\" href=\"https:\/\/sahkokone.com\/?p=161\">Kuka saa korjata s\u00e4hk\u00f6laitteita?<\/a><\/li>\n<li><a class=\"wp-block-latest-posts__post-title\" href=\"https:\/\/sahkokone.com\/?p=159\">Jatkojohtona s\u00e4hk\u00f6ty\u00f6kaluille kaapelikela, onko turvallista?<\/a><\/li>\n<li><a class=\"wp-block-latest-posts__post-title\" href=\"https:\/\/sahkokone.com\/?p=157\">AVR vai Invertteri generaattori?<\/a><\/li>\n<li><a class=\"wp-block-latest-posts__post-title\" href=\"https:\/\/sahkokone.com\/?p=152\">Kolmevaiheisen generaattorin k\u00e4ytt\u00f6 yksivaiheisten s\u00e4hk\u00f6ty\u00f6kalujen kanssa<\/a><\/li>\n<li><a class=\"wp-block-latest-posts__post-title\" href=\"https:\/\/sahkokone.com\/?p=146\">Valitse oikea sulaketyyppi s\u00e4hk\u00f6laitteesi k\u00e4ytt\u00f6\u00f6n<\/a><\/li>\n<li><a class=\"wp-block-latest-posts__post-title\" href=\"https:\/\/sahkokone.com\/?p=137\">Miksi generaattorin vikavirtasuojakytkin laukeaa kun generaattori kytket\u00e4\u00e4n rakennuksen verkkoon?<\/a><\/li>\n<li><a class=\"wp-block-latest-posts__post-title\" href=\"https:\/\/sahkokone.com\/?p=134\">Generaattorit ja maadoitussauva<\/a><\/li>\n<li><a class=\"wp-block-latest-posts__post-title\" href=\"https:\/\/sahkokone.com\/?p=132\">Power factory \/ tehokerroin generaattoreissa<\/a><\/li>\n<li><a class=\"wp-block-latest-posts__post-title\" href=\"https:\/\/sahkokone.com\/?p=130\">Halkomakoneen talvis\u00e4ilytt\u00e4minen<\/a><\/li>\n<li><a class=\"wp-block-latest-posts__post-title\" href=\"https:\/\/sahkokone.com\/?p=127\">Moottori ylikuormittunut?<\/a><\/li>\n<li><a class=\"wp-block-latest-posts__post-title\" href=\"https:\/\/sahkokone.com\/?p=124\">S\u00e4hk\u00f6ty\u00f6kalut ja oikea johdotus<\/a><\/li>\n<li><a class=\"wp-block-latest-posts__post-title\" href=\"https:\/\/sahkokone.com\/?p=121\">Miksi laitevalmistajat eiv\u00e4t ilmoita tarvittavaa k\u00e4ynnistysvirtaa?<\/a><\/li>\n<li><a class=\"wp-block-latest-posts__post-title\" href=\"https:\/\/sahkokone.com\/?p=117\">S\u00e4hk\u00f6laitteet joissa ei mainittavaa k\u00e4ynnistysvirtaa<\/a><\/li>\n<li><a class=\"wp-block-latest-posts__post-title\" href=\"https:\/\/sahkokone.com\/?p=111\">Riitt\u00e4v\u00e4 johdotus ja sulakkeet?<\/a><\/li>\n<li><a class=\"wp-block-latest-posts__post-title\" href=\"https:\/\/sahkokone.com\/?p=101\">K\u00e4ynnistysvirta, mit\u00e4 se on?<\/a><\/li>\n<\/ul>\n\n<ul class=\"wp-block-page-list\"><li class=\"wp-block-pages-list__item\"><a class=\"wp-block-pages-list__item__link\" href=\"https:\/\/sahkokone.com\/?page_id=417\">Avoimet ty\u00f6paikat<\/a><\/li><li class=\"wp-block-pages-list__item\"><a class=\"wp-block-pages-list__item__link\" href=\"https:\/\/sahkokone.com\/?page_id=530\">Ekohytte, pakastava<\/a><\/li><li class=\"wp-block-pages-list__item\"><a class=\"wp-block-pages-list__item__link\" href=\"https:\/\/sahkokone.com\/?page_id=527\">El-Dorado<\/a><\/li><li class=\"wp-block-pages-list__item menu-item-home\"><a class=\"wp-block-pages-list__item__link\" href=\"https:\/\/sahkokone.com\/\">Etusivu<\/a><\/li><li class=\"wp-block-pages-list__item\"><a class=\"wp-block-pages-list__item__link\" href=\"https:\/\/sahkokone.com\/?page_id=39\">Korjaamomme<\/a><\/li><li class=\"wp-block-pages-list__item\"><a class=\"wp-block-pages-list__item__link\" href=\"https:\/\/sahkokone.com\/?page_id=62\">L\u00e4hete korjaamolle<\/a><\/li><li class=\"wp-block-pages-list__item\"><a class=\"wp-block-pages-list__item__link\" href=\"https:\/\/sahkokone.com\/?page_id=70\">Noutopalvelu<\/a><\/li><li class=\"wp-block-pages-list__item\"><a class=\"wp-block-pages-list__item__link\" href=\"https:\/\/sahkokone.com\/?page_id=76\">Ota yhteytt\u00e4<\/a><\/li><li class=\"wp-block-pages-list__item\"><a class=\"wp-block-pages-list__item__link\" href=\"https:\/\/sahkokone.com\/?page_id=212\">Poikkeavat aukioloajat<\/a><\/li><li class=\"wp-block-pages-list__item\"><a class=\"wp-block-pages-list__item__link\" href=\"https:\/\/sahkokone.com\/?page_id=103\">S\u00e4hk\u00f6laitteista hy\u00f6dyllist\u00e4 tietoa<\/a><\/li><li class=\"wp-block-pages-list__item\"><a class=\"wp-block-pages-list__item__link\" href=\"https:\/\/sahkokone.com\/?page_id=53\">Separett<\/a><\/li><li class=\"wp-block-pages-list__item\"><a class=\"wp-block-pages-list__item__link\" href=\"https:\/\/sahkokone.com\/?page_id=503\">Takuukorjaukset, vastuutaulukko<\/a><\/li><li class=\"wp-block-pages-list__item\"><a class=\"wp-block-pages-list__item__link\" href=\"https:\/\/sahkokone.com\/?page_id=304\">Tietosuoja<\/a><\/li><li class=\"wp-block-pages-list__item\"><a class=\"wp-block-pages-list__item__link\" href=\"https:\/\/sahkokone.com\/?page_id=73\">Ty\u00f6hinnat<\/a><\/li><\/ul>","protected":false},"excerpt":{"rendered":"","protected":false},"author":1,"featured_media":0,"parent":0,"menu_order":0,"comment_status":"closed","ping_status":"closed","template":"","meta":{"footnotes":""},"class_list":["post-103","page","type-page","status-publish","hentry"],"_links":{"self":[{"href":"https:\/\/sahkokone.com\/index.php?rest_route=\/wp\/v2\/pages\/103","targetHints":{"allow":["GET"]}}],"collection":[{"href":"https:\/\/sahkokone.com\/index.php?rest_route=\/wp\/v2\/pages"}],"about":[{"href":"https:\/\/sahkokone.com\/index.php?rest_route=\/wp\/v2\/types\/page"}],"author":[{"embeddable":true,"href":"https:\/\/sahkokone.com\/index.php?rest_route=\/wp\/v2\/users\/1"}],"replies":[{"embeddable":true,"href":"https:\/\/sahkokone.com\/index.php?rest_route=%2Fwp%2Fv2%2Fcomments&post=103"}],"version-history":[{"count":7,"href":"https:\/\/sahkokone.com\/index.php?rest_route=\/wp\/v2\/pages\/103\/revisions"}],"predecessor-version":[{"id":312,"href":"https:\/\/sahkokone.com\/index.php?rest_route=\/wp\/v2\/pages\/103\/revisions\/312"}],"wp:attachment":[{"href":"https:\/\/sahkokone.com\/index.php?rest_route=%2Fwp%2Fv2%2Fmedia&parent=103"}],"curies":[{"name":"wp","href":"https:\/\/api.w.org\/{rel}","templated":true}]}}