{"id":212,"date":"2024-11-27T10:22:18","date_gmt":"2024-11-27T08:22:18","guid":{"rendered":"https:\/\/sahkokone.com\/?page_id=212"},"modified":"2026-02-19T13:54:51","modified_gmt":"2026-02-19T11:54:51","slug":"poikkeavat-aukioloajat","status":"publish","type":"page","link":"https:\/\/sahkokone.com\/?page_id=212","title":{"rendered":"Poikkeavat aukioloajat"},"content":{"rendered":"\n<p><strong>13.4.2026 &#8211; 17.4.2026<\/strong> Olemme lomalla, palaamme t\u00f6ihin 20.4.2026 klo 9:00 tavoitatte meid\u00e4t tarvittaessa numerosta 03 5898990 tai 044-9826625 sek\u00e4 s\u00e4hk\u00f6postilla myynti@sahkokone.com<\/p>\n\n\n\n<p>1<strong>3.1.2026 &#8211; 17.1.2026<\/strong> Asiakaspalvelumme on lomalla, t\u00e4n\u00e4 aikana t\u00f6iden vastaanotto \/ valmiiden t\u00f6iden luovutus on suljettu, tavoitatte meid\u00e4t tarvittaessa numerosta 03 5898990 tai 044-9826625 sek\u00e4 s\u00e4hk\u00f6postilla myynti@sahkokone.com<\/p>\n\n\n\n<p>Avaamme taas normaalisti 20.1.2026 klo 9:00<\/p>\n\n\n\n<p>1<strong>5.9.2025 &#8211; 19.9.2025<\/strong> Asiakaspalvelumme on lomalla, t\u00e4n\u00e4 aikana t\u00f6iden vastaanotto \/ valmiiden t\u00f6iden luovutus on suljettu, tavoitatte meid\u00e4t tarvittaessa numerosta 03 5898990 tai 044-9826625 sek\u00e4 s\u00e4hk\u00f6postilla myynti@sahkokone.com <\/p>\n\n\n\n<p>Avaamme taas normaalisti 22.9.2025 klo 9:00<\/p>\n\n\n\n<p><strong>31.7.2025 &#8211; 8.8.2025 <\/strong>Olemme kes\u00e4lomalla, t\u00e4n\u00e4 aikana tavoitatte meid\u00e4t puhelimella 044-9826625 sek\u00e4 s\u00e4hk\u00f6postilla myynti@sahkokone.com<\/p>\n\n\n\n<p>Avaamme taas normaalisti 11.8.2025 klo 9:00<\/p>\n\n\n\n<p><\/p>\n\n\n\n<p><\/p>\n\n\n<ul class=\"wp-block-page-list\"><li class=\"wp-block-pages-list__item\"><a class=\"wp-block-pages-list__item__link\" href=\"https:\/\/sahkokone.com\/?page_id=417\">Avoimet ty\u00f6paikat<\/a><\/li><li class=\"wp-block-pages-list__item\"><a class=\"wp-block-pages-list__item__link\" href=\"https:\/\/sahkokone.com\/?page_id=530\">Ekohytte, pakastava<\/a><\/li><li class=\"wp-block-pages-list__item\"><a class=\"wp-block-pages-list__item__link\" href=\"https:\/\/sahkokone.com\/?page_id=527\">El-Dorado<\/a><\/li><li class=\"wp-block-pages-list__item menu-item-home\"><a class=\"wp-block-pages-list__item__link\" href=\"https:\/\/sahkokone.com\/\">Etusivu<\/a><\/li><li class=\"wp-block-pages-list__item\"><a class=\"wp-block-pages-list__item__link\" href=\"https:\/\/sahkokone.com\/?page_id=39\">Korjaamomme<\/a><\/li><li class=\"wp-block-pages-list__item\"><a class=\"wp-block-pages-list__item__link\" href=\"https:\/\/sahkokone.com\/?page_id=62\">L\u00e4hete korjaamolle<\/a><\/li><li class=\"wp-block-pages-list__item\"><a class=\"wp-block-pages-list__item__link\" href=\"https:\/\/sahkokone.com\/?page_id=70\">Noutopalvelu<\/a><\/li><li class=\"wp-block-pages-list__item\"><a class=\"wp-block-pages-list__item__link\" href=\"https:\/\/sahkokone.com\/?page_id=76\">Ota yhteytt\u00e4<\/a><\/li><li class=\"wp-block-pages-list__item\"><a class=\"wp-block-pages-list__item__link\" href=\"https:\/\/sahkokone.com\/?page_id=212\">Poikkeavat aukioloajat<\/a><\/li><li class=\"wp-block-pages-list__item\"><a class=\"wp-block-pages-list__item__link\" href=\"https:\/\/sahkokone.com\/?page_id=103\">S\u00e4hk\u00f6laitteista hy\u00f6dyllist\u00e4 tietoa<\/a><\/li><li class=\"wp-block-pages-list__item\"><a class=\"wp-block-pages-list__item__link\" href=\"https:\/\/sahkokone.com\/?page_id=53\">Separett<\/a><\/li><li class=\"wp-block-pages-list__item\"><a class=\"wp-block-pages-list__item__link\" href=\"https:\/\/sahkokone.com\/?page_id=503\">Takuukorjaukset, vastuutaulukko<\/a><\/li><li class=\"wp-block-pages-list__item\"><a class=\"wp-block-pages-list__item__link\" href=\"https:\/\/sahkokone.com\/?page_id=304\">Tietosuoja<\/a><\/li><li class=\"wp-block-pages-list__item\"><a class=\"wp-block-pages-list__item__link\" href=\"https:\/\/sahkokone.com\/?page_id=73\">Ty\u00f6hinnat<\/a><\/li><\/ul>","protected":false},"excerpt":{"rendered":"<p>13.4.2026 &#8211; 17.4.2026 Olemme lomalla, palaamme t\u00f6ihin 20.4.2026 klo 9:00 tavoitatte meid\u00e4t tarvittaessa numerosta 03 5898990 tai 044-9826625 sek\u00e4 s\u00e4hk\u00f6postilla myynti@sahkokone.com 13.1.2026 &#8211; 17.1.2026 Asiakaspalvelumme on lomalla, t\u00e4n\u00e4 aikana t\u00f6iden vastaanotto \/ valmiiden t\u00f6iden luovutus on suljettu, tavoitatte meid\u00e4t tarvittaessa numerosta 03 5898990 tai 044-9826625 sek\u00e4 s\u00e4hk\u00f6postilla myynti@sahkokone.com Avaamme taas normaalisti 20.1.2026 klo 9:00 15.9.2025 &hellip; <\/p>\n<p class=\"link-more\"><a href=\"https:\/\/sahkokone.com\/?page_id=212\" class=\"more-link\">Jatka lukemista<span class=\"screen-reader-text\"> &#8221;Poikkeavat aukioloajat&#8221;<\/span><\/a><\/p>\n","protected":false},"author":1,"featured_media":0,"parent":0,"menu_order":0,"comment_status":"closed","ping_status":"closed","template":"","meta":{"footnotes":""},"class_list":["post-212","page","type-page","status-publish","hentry"],"_links":{"self":[{"href":"https:\/\/sahkokone.com\/index.php?rest_route=\/wp\/v2\/pages\/212","targetHints":{"allow":["GET"]}}],"collection":[{"href":"https:\/\/sahkokone.com\/index.php?rest_route=\/wp\/v2\/pages"}],"about":[{"href":"https:\/\/sahkokone.com\/index.php?rest_route=\/wp\/v2\/types\/page"}],"author":[{"embeddable":true,"href":"https:\/\/sahkokone.com\/index.php?rest_route=\/wp\/v2\/users\/1"}],"replies":[{"embeddable":true,"href":"https:\/\/sahkokone.com\/index.php?rest_route=%2Fwp%2Fv2%2Fcomments&post=212"}],"version-history":[{"count":13,"href":"https:\/\/sahkokone.com\/index.php?rest_route=\/wp\/v2\/pages\/212\/revisions"}],"predecessor-version":[{"id":485,"href":"https:\/\/sahkokone.com\/index.php?rest_route=\/wp\/v2\/pages\/212\/revisions\/485"}],"wp:attachment":[{"href":"https:\/\/sahkokone.com\/index.php?rest_route=%2Fwp%2Fv2%2Fmedia&parent=212"}],"curies":[{"name":"wp","href":"https:\/\/api.w.org\/{rel}","templated":true}]}}