{"id":30,"date":"2024-10-31T19:32:58","date_gmt":"2024-10-31T17:32:58","guid":{"rendered":"https:\/\/sahkokone.com\/?page_id=30"},"modified":"2025-10-22T15:17:18","modified_gmt":"2025-10-22T12:17:18","slug":"etusivu","status":"publish","type":"page","link":"https:\/\/sahkokone.com\/","title":{"rendered":"Etusivu"},"content":{"rendered":"\n<p>S\u00e4hk\u00f6konekorjaamo Pasi Laine on Lahdessa toimiva s\u00e4hk\u00f6ty\u00f6kalujen ja laitteiden korjaamo, asiakaskuntamme koostuu koko Suomesta.<\/p>\n\n\n\n<p>Yrityksess\u00e4mme ty\u00f6skentelee nelj\u00e4 henkil\u00f6\u00e4, korjaamme sopimusmerkkiemme hitsauskoneita, infapunal\u00e4mmittimi\u00e4, rakennuskoneita, vesipumppuja, polttavia wc j\u00e4rjestelmi\u00e4, plasmaleikkureita, generaattoreita, puutarhaty\u00f6kaluja, painepesureita, kompressoreita ym paljon muuta.<\/p>\n\n\n\n<p>Tavoitatte meid\u00e4t puhelimella 03-5898990 tai 044-9826625<\/p>\n\n\n\n<p><\/p>\n\n\n\n<p>Mik\u00e4li emme ehtinyt vastaamaan puhelimeen mahdollisesti asiakaspalvelumme ruuhkautumisen takia, yritt\u00e4k\u00e4\u00e4 uudestaan soittaa tai laittaa meille s\u00e4hk\u00f6postia.<\/p>\n\n\n\n<p>S\u00e4hk\u00f6postilla myynti @ sahkokone.com<\/p>\n\n\n\n<p><strong>S\u00e4hk\u00f6konekorjaamo Pasi Laine<\/strong><\/p>\n\n\n\n<p><strong>Aniankatu 5<\/strong><\/p>\n\n\n\n<p><strong>15210 Lahti<\/strong><\/p>\n\n\n\n<figure class=\"wp-block-image size-full\"><img loading=\"lazy\" decoding=\"async\" width=\"471\" height=\"250\" src=\"https:\/\/sahkokone.com\/wp-content\/uploads\/2024\/10\/sahkis-logo.png\" alt=\"\" class=\"wp-image-6\" srcset=\"https:\/\/sahkokone.com\/wp-content\/uploads\/2024\/10\/sahkis-logo.png 471w, https:\/\/sahkokone.com\/wp-content\/uploads\/2024\/10\/sahkis-logo-300x159.png 300w\" sizes=\"auto, (max-width: 471px) 100vw, 471px\" \/><\/figure>\n\n\n<ul class=\"wp-block-page-list\"><li class=\"wp-block-pages-list__item\"><a class=\"wp-block-pages-list__item__link\" href=\"https:\/\/sahkokone.com\/?page_id=417\">Avoimet ty\u00f6paikat<\/a><\/li><li class=\"wp-block-pages-list__item\"><a class=\"wp-block-pages-list__item__link\" href=\"https:\/\/sahkokone.com\/?page_id=530\">Ekohytte, pakastava<\/a><\/li><li class=\"wp-block-pages-list__item\"><a class=\"wp-block-pages-list__item__link\" href=\"https:\/\/sahkokone.com\/?page_id=527\">El-Dorado<\/a><\/li><li class=\"wp-block-pages-list__item menu-item-home\"><a class=\"wp-block-pages-list__item__link\" href=\"https:\/\/sahkokone.com\/\">Etusivu<\/a><\/li><li class=\"wp-block-pages-list__item\"><a class=\"wp-block-pages-list__item__link\" href=\"https:\/\/sahkokone.com\/?page_id=39\">Korjaamomme<\/a><\/li><li class=\"wp-block-pages-list__item\"><a class=\"wp-block-pages-list__item__link\" href=\"https:\/\/sahkokone.com\/?page_id=62\">L\u00e4hete korjaamolle<\/a><\/li><li class=\"wp-block-pages-list__item\"><a class=\"wp-block-pages-list__item__link\" href=\"https:\/\/sahkokone.com\/?page_id=70\">Noutopalvelu<\/a><\/li><li class=\"wp-block-pages-list__item\"><a class=\"wp-block-pages-list__item__link\" href=\"https:\/\/sahkokone.com\/?page_id=76\">Ota yhteytt\u00e4<\/a><\/li><li class=\"wp-block-pages-list__item\"><a class=\"wp-block-pages-list__item__link\" href=\"https:\/\/sahkokone.com\/?page_id=212\">Poikkeavat aukioloajat<\/a><\/li><li class=\"wp-block-pages-list__item\"><a class=\"wp-block-pages-list__item__link\" href=\"https:\/\/sahkokone.com\/?page_id=103\">S\u00e4hk\u00f6laitteista hy\u00f6dyllist\u00e4 tietoa<\/a><\/li><li class=\"wp-block-pages-list__item\"><a class=\"wp-block-pages-list__item__link\" href=\"https:\/\/sahkokone.com\/?page_id=53\">Separett<\/a><\/li><li class=\"wp-block-pages-list__item\"><a class=\"wp-block-pages-list__item__link\" href=\"https:\/\/sahkokone.com\/?page_id=503\">Takuukorjaukset, vastuutaulukko<\/a><\/li><li class=\"wp-block-pages-list__item\"><a class=\"wp-block-pages-list__item__link\" href=\"https:\/\/sahkokone.com\/?page_id=304\">Tietosuoja<\/a><\/li><li class=\"wp-block-pages-list__item\"><a class=\"wp-block-pages-list__item__link\" href=\"https:\/\/sahkokone.com\/?page_id=73\">Ty\u00f6hinnat<\/a><\/li><\/ul>\n\n\n<p><\/p>\n","protected":false},"excerpt":{"rendered":"<p>S\u00e4hk\u00f6konekorjaamo Pasi Laine on Lahdessa toimiva s\u00e4hk\u00f6ty\u00f6kalujen ja laitteiden korjaamo, asiakaskuntamme koostuu koko Suomesta. Yrityksess\u00e4mme ty\u00f6skentelee nelj\u00e4 henkil\u00f6\u00e4, korjaamme sopimusmerkkiemme hitsauskoneita, infapunal\u00e4mmittimi\u00e4, rakennuskoneita, vesipumppuja, polttavia wc j\u00e4rjestelmi\u00e4, plasmaleikkureita, generaattoreita, puutarhaty\u00f6kaluja, painepesureita, kompressoreita ym paljon muuta. Tavoitatte meid\u00e4t puhelimella 03-5898990 tai 044-9826625 Mik\u00e4li emme ehtinyt vastaamaan puhelimeen mahdollisesti asiakaspalvelumme ruuhkautumisen takia, yritt\u00e4k\u00e4\u00e4 uudestaan soittaa tai laittaa &hellip; <\/p>\n<p class=\"link-more\"><a href=\"https:\/\/sahkokone.com\/\" class=\"more-link\">Jatka lukemista<span class=\"screen-reader-text\"> &#8221;Etusivu&#8221;<\/span><\/a><\/p>\n","protected":false},"author":1,"featured_media":0,"parent":0,"menu_order":0,"comment_status":"closed","ping_status":"closed","template":"","meta":{"footnotes":""},"class_list":["post-30","page","type-page","status-publish","hentry"],"_links":{"self":[{"href":"https:\/\/sahkokone.com\/index.php?rest_route=\/wp\/v2\/pages\/30","targetHints":{"allow":["GET"]}}],"collection":[{"href":"https:\/\/sahkokone.com\/index.php?rest_route=\/wp\/v2\/pages"}],"about":[{"href":"https:\/\/sahkokone.com\/index.php?rest_route=\/wp\/v2\/types\/page"}],"author":[{"embeddable":true,"href":"https:\/\/sahkokone.com\/index.php?rest_route=\/wp\/v2\/users\/1"}],"replies":[{"embeddable":true,"href":"https:\/\/sahkokone.com\/index.php?rest_route=%2Fwp%2Fv2%2Fcomments&post=30"}],"version-history":[{"count":15,"href":"https:\/\/sahkokone.com\/index.php?rest_route=\/wp\/v2\/pages\/30\/revisions"}],"predecessor-version":[{"id":403,"href":"https:\/\/sahkokone.com\/index.php?rest_route=\/wp\/v2\/pages\/30\/revisions\/403"}],"wp:attachment":[{"href":"https:\/\/sahkokone.com\/index.php?rest_route=%2Fwp%2Fv2%2Fmedia&parent=30"}],"curies":[{"name":"wp","href":"https:\/\/api.w.org\/{rel}","templated":true}]}}