{"id":39,"date":"2024-11-04T12:14:36","date_gmt":"2024-11-04T10:14:36","guid":{"rendered":"https:\/\/sahkokone.com\/?page_id=39"},"modified":"2025-10-24T13:55:31","modified_gmt":"2025-10-24T10:55:31","slug":"korjaamomme","status":"publish","type":"page","link":"https:\/\/sahkokone.com\/?page_id=39","title":{"rendered":"Korjaamomme"},"content":{"rendered":"\n<p>Korjaamomme korjaa ensisijaisina t\u00f6in\u00e4 sopimusasiakkaidemme takuukorjaukset mukaan lukien separett tuotteet.  Kuluttaja asiakkaiden ty\u00f6t teemme sopimusasiakkaiden t\u00f6iden j\u00e4lkeen. <br><br>Tuotteet jotka maksavat myymalle 200 eur, eiv\u00e4t kuulu korjausohjelmaamme ollenkaan, korjaamme vain yli 200 eur maksavia tuotteita.<\/p>\n\n\n\n<p><strong>Takuukorjaamme seuraavat tuotemerkit<\/strong> alkaen <strong>1.1.2025<\/strong><br>Mik\u00e4li tuotettasi ei ole listattu alla, ota yhteytt\u00e4 tuotteesi myyj\u00e4\u00e4n &#8211; myyj\u00e4si kertoo mihin voitte toimittaa tuotteenne takuukorjaukseen.<\/p>\n\n\n\n<p><a href=\"https:\/\/www.einhell.fi\/\" data-type=\"link\" data-id=\"https:\/\/www.einhell.fi\/\">Einhell Finland <\/a>maahantuomat s\u00e4hk\u00f6ty\u00f6kalut ja  polttomoottorik\u00e4ytt\u00f6iset laitteet<br><a href=\"http:\/\/www.ikh.fi\" data-type=\"link\" data-id=\"www.ikh.fi\">Isojoen Konehallin<\/a> maahantuomat s\u00e4hk\u00f6ty\u00f6kalut sek\u00e4 polttomoottorik\u00e4ytt\u00f6iset laitteet<br><a href=\"http:\/\/www.suomitrading.fi\" data-type=\"link\" data-id=\"www.suomitrading.fi\">Suomi Trading<\/a> maahantuomat s\u00e4hk\u00f6k\u00e4ytt\u00f6iset sek\u00e4 sek\u00e4 polttomoottorik\u00e4ytt\u00f6iset laitteet<br><a href=\"http:\/\/www.harju.fi\" data-type=\"link\" data-id=\"www.harju.fi\">Kauppahuone Harju <\/a>maahantuomat s\u00e4hk\u00f6k\u00e4ytt\u00f6iset sek\u00e4 polttomoottorik\u00e4ytt\u00f6iset laitteet<br><a href=\"https:\/\/www.kesko.fi\/static\/vuosikertomus2008\/EN\/02-toimialat\/02-rautakesko.html\">Rautakeskon maahantuomat<\/a> FXA ja NUAIR s\u00e4hk\u00f6ty\u00f6kalut <br><a href=\"https:\/\/www.nilfisk.com\/fi-fi\/ammattituotteet\/?gad_source=1&amp;gclid=Cj0KCQiA_qG5BhDTARIsAA0UHSI0SqJC5D2b2yLbWVhVj8XQU8JU6Lnf47b-3E9RFDVGyncyZXQm3IoaAoRLEALw_wcB&amp;gclsrc=aw.ds\" data-type=\"link\" data-id=\"https:\/\/www.nilfisk.com\/fi-fi\/ammattituotteet\/?gad_source=1&amp;gclid=Cj0KCQiA_qG5BhDTARIsAA0UHSI0SqJC5D2b2yLbWVhVj8XQU8JU6Lnf47b-3E9RFDVGyncyZXQm3IoaAoRLEALw_wcB&amp;gclsrc=aw.ds\">Nilfisk<\/a> ammattik\u00e4yt\u00f6n painepesurit ja imurit<br><a href=\"https:\/\/separett.com\/fi\/fi\/\">Separett<\/a> polttavat s\u00e4hk\u00f6pytyt<\/p>\n\n\n\n<p><strong>Lis\u00e4ksi teemme takuuajan p\u00e4\u00e4tytty\u00e4 korjauksia sek\u00e4 huoltoja seuraaviin merkkiin<\/strong><\/p>\n\n\n\n<p>Bosch s\u00e4hk\u00f6ty\u00f6kalut<br>Dewalt s\u00e4hk\u00f6ty\u00f6kalut<br>Makita s\u00e4hk\u00f6ty\u00f6kalut<br>Flex s\u00e4hk\u00f6ty\u00f6kalut<br>Paslode impulssinaulaimet<br>Festool s\u00e4hk\u00f6ty\u00f6kalut<br>Infrapuna \/ hallil\u00e4mmittimet<br><br><\/p>\n\n\n<ul class=\"wp-block-page-list\"><li class=\"wp-block-pages-list__item\"><a class=\"wp-block-pages-list__item__link\" href=\"https:\/\/sahkokone.com\/?page_id=417\">Avoimet ty\u00f6paikat<\/a><\/li><li class=\"wp-block-pages-list__item\"><a class=\"wp-block-pages-list__item__link\" href=\"https:\/\/sahkokone.com\/?page_id=530\">Ekohytte, pakastava<\/a><\/li><li class=\"wp-block-pages-list__item\"><a class=\"wp-block-pages-list__item__link\" href=\"https:\/\/sahkokone.com\/?page_id=527\">El-Dorado<\/a><\/li><li class=\"wp-block-pages-list__item menu-item-home\"><a class=\"wp-block-pages-list__item__link\" href=\"https:\/\/sahkokone.com\/\">Etusivu<\/a><\/li><li class=\"wp-block-pages-list__item\"><a class=\"wp-block-pages-list__item__link\" href=\"https:\/\/sahkokone.com\/?page_id=39\">Korjaamomme<\/a><\/li><li class=\"wp-block-pages-list__item\"><a class=\"wp-block-pages-list__item__link\" href=\"https:\/\/sahkokone.com\/?page_id=62\">L\u00e4hete korjaamolle<\/a><\/li><li class=\"wp-block-pages-list__item\"><a class=\"wp-block-pages-list__item__link\" href=\"https:\/\/sahkokone.com\/?page_id=70\">Noutopalvelu<\/a><\/li><li class=\"wp-block-pages-list__item\"><a class=\"wp-block-pages-list__item__link\" href=\"https:\/\/sahkokone.com\/?page_id=76\">Ota yhteytt\u00e4<\/a><\/li><li class=\"wp-block-pages-list__item\"><a class=\"wp-block-pages-list__item__link\" href=\"https:\/\/sahkokone.com\/?page_id=212\">Poikkeavat aukioloajat<\/a><\/li><li class=\"wp-block-pages-list__item\"><a class=\"wp-block-pages-list__item__link\" href=\"https:\/\/sahkokone.com\/?page_id=103\">S\u00e4hk\u00f6laitteista hy\u00f6dyllist\u00e4 tietoa<\/a><\/li><li class=\"wp-block-pages-list__item\"><a class=\"wp-block-pages-list__item__link\" href=\"https:\/\/sahkokone.com\/?page_id=53\">Separett<\/a><\/li><li class=\"wp-block-pages-list__item\"><a class=\"wp-block-pages-list__item__link\" href=\"https:\/\/sahkokone.com\/?page_id=503\">Takuukorjaukset, vastuutaulukko<\/a><\/li><li class=\"wp-block-pages-list__item\"><a class=\"wp-block-pages-list__item__link\" href=\"https:\/\/sahkokone.com\/?page_id=304\">Tietosuoja<\/a><\/li><li class=\"wp-block-pages-list__item\"><a class=\"wp-block-pages-list__item__link\" href=\"https:\/\/sahkokone.com\/?page_id=73\">Ty\u00f6hinnat<\/a><\/li><\/ul>","protected":false},"excerpt":{"rendered":"<p>Korjaamomme korjaa ensisijaisina t\u00f6in\u00e4 sopimusasiakkaidemme takuukorjaukset mukaan lukien separett tuotteet. Kuluttaja asiakkaiden ty\u00f6t teemme sopimusasiakkaiden t\u00f6iden j\u00e4lkeen. Tuotteet jotka maksavat myymalle 200 eur, eiv\u00e4t kuulu korjausohjelmaamme ollenkaan, korjaamme vain yli 200 eur maksavia tuotteita. Takuukorjaamme seuraavat tuotemerkit alkaen 1.1.2025Mik\u00e4li tuotettasi ei ole listattu alla, ota yhteytt\u00e4 tuotteesi myyj\u00e4\u00e4n &#8211; myyj\u00e4si kertoo mihin voitte toimittaa tuotteenne &hellip; <\/p>\n<p class=\"link-more\"><a href=\"https:\/\/sahkokone.com\/?page_id=39\" class=\"more-link\">Jatka lukemista<span class=\"screen-reader-text\"> &#8221;Korjaamomme&#8221;<\/span><\/a><\/p>\n","protected":false},"author":1,"featured_media":0,"parent":0,"menu_order":0,"comment_status":"closed","ping_status":"closed","template":"","meta":{"footnotes":""},"class_list":["post-39","page","type-page","status-publish","hentry"],"_links":{"self":[{"href":"https:\/\/sahkokone.com\/index.php?rest_route=\/wp\/v2\/pages\/39","targetHints":{"allow":["GET"]}}],"collection":[{"href":"https:\/\/sahkokone.com\/index.php?rest_route=\/wp\/v2\/pages"}],"about":[{"href":"https:\/\/sahkokone.com\/index.php?rest_route=\/wp\/v2\/types\/page"}],"author":[{"embeddable":true,"href":"https:\/\/sahkokone.com\/index.php?rest_route=\/wp\/v2\/users\/1"}],"replies":[{"embeddable":true,"href":"https:\/\/sahkokone.com\/index.php?rest_route=%2Fwp%2Fv2%2Fcomments&post=39"}],"version-history":[{"count":10,"href":"https:\/\/sahkokone.com\/index.php?rest_route=\/wp\/v2\/pages\/39\/revisions"}],"predecessor-version":[{"id":407,"href":"https:\/\/sahkokone.com\/index.php?rest_route=\/wp\/v2\/pages\/39\/revisions\/407"}],"wp:attachment":[{"href":"https:\/\/sahkokone.com\/index.php?rest_route=%2Fwp%2Fv2%2Fmedia&parent=39"}],"curies":[{"name":"wp","href":"https:\/\/api.w.org\/{rel}","templated":true}]}}