{"id":417,"date":"2025-10-24T15:12:07","date_gmt":"2025-10-24T12:12:07","guid":{"rendered":"https:\/\/sahkokone.com\/?page_id=417"},"modified":"2025-12-11T16:51:55","modified_gmt":"2025-12-11T14:51:55","slug":"avoimet-tyopaikat","status":"publish","type":"page","link":"https:\/\/sahkokone.com\/?page_id=417","title":{"rendered":"Avoimet ty\u00f6paikat"},"content":{"rendered":"\n<p><\/p>\n\n\n\n<p>P\u00e4ivitys hakuun 11.12.2025<br>Haku sulkeutuu heti kun sopiva hakija l\u00f6ytyy, ty\u00f6teht\u00e4v\u00e4t on mahdollista aloittaa kanssamme v\u00e4litt\u00f6m\u00e4sti.<br><\/p>\n\n\n\n<p>Haku alkaa 25.10.2025 ja uusi ty\u00f6ntekij\u00e4 aloittaa kanssamme viimeist\u00e4\u00e4n 30.3.2026<\/p>\n\n\n\n<p>Haemme kev\u00e4\u00e4ll\u00e4 2026 ty\u00f6ntekij\u00f6it\u00e4 <strong>ty\u00f6teht\u00e4viin s\u00e4hk\u00f6ty\u00f6kalujen ja laitteiden sek\u00e4 polttomoottoreiden, ty\u00f6koneiden ja generaattoreiden korjaukseen.<\/strong><br>Ty\u00f6aika on 30\u201340 tuntia viikossa.<\/p>\n\n\n\n<p>Toivomme hakijalta <strong>perustaitoja ty\u00f6kalujen k\u00e4yt\u00f6st\u00e4<\/strong> ja jonkinlaista <strong>kokemusta mekaanisten laitteiden parissa ty\u00f6skentelyst\u00e4<\/strong>.<br>Aikaisempi korjauskokemus tai alan koulutus katsotaan eduksi, mutta t\u00e4rkeint\u00e4 on, ett\u00e4 <strong>osaat k\u00e4ytt\u00e4\u00e4 ty\u00f6kaluja turvallisesti ja olet valmis oppimaan lis\u00e4\u00e4.<\/strong><br>Perehdyt\u00e4mme ja koulutamme ty\u00f6n ohessa asentajamme ty\u00f6teht\u00e4viin.<\/p>\n\n\n\n<p>Kirjoita vapaamuotoinen hakemus, jossa kerrot itsest\u00e4si, koulutuksestasi ja kokemuksestasi laitteiden tai koneiden kanssa.<br>Voit mainita my\u00f6s <strong>palkkatoiveesi.<\/strong><\/p>\n\n\n\n<p>L\u00e4het\u00e4 hakemuksesi s\u00e4hk\u00f6postilla osoitteeseen <strong><a>pasi@sahkokone.com<\/a><\/strong><\/p>\n\n\n<ul class=\"wp-block-page-list\"><li class=\"wp-block-pages-list__item\"><a class=\"wp-block-pages-list__item__link\" href=\"https:\/\/sahkokone.com\/?page_id=417\">Avoimet ty\u00f6paikat<\/a><\/li><li class=\"wp-block-pages-list__item\"><a class=\"wp-block-pages-list__item__link\" href=\"https:\/\/sahkokone.com\/?page_id=530\">Ekohytte, pakastava<\/a><\/li><li class=\"wp-block-pages-list__item\"><a class=\"wp-block-pages-list__item__link\" href=\"https:\/\/sahkokone.com\/?page_id=527\">El-Dorado<\/a><\/li><li class=\"wp-block-pages-list__item menu-item-home\"><a class=\"wp-block-pages-list__item__link\" href=\"https:\/\/sahkokone.com\/\">Etusivu<\/a><\/li><li class=\"wp-block-pages-list__item\"><a class=\"wp-block-pages-list__item__link\" href=\"https:\/\/sahkokone.com\/?page_id=39\">Korjaamomme<\/a><\/li><li class=\"wp-block-pages-list__item\"><a class=\"wp-block-pages-list__item__link\" href=\"https:\/\/sahkokone.com\/?page_id=62\">L\u00e4hete korjaamolle<\/a><\/li><li class=\"wp-block-pages-list__item\"><a class=\"wp-block-pages-list__item__link\" href=\"https:\/\/sahkokone.com\/?page_id=70\">Noutopalvelu<\/a><\/li><li class=\"wp-block-pages-list__item\"><a class=\"wp-block-pages-list__item__link\" href=\"https:\/\/sahkokone.com\/?page_id=76\">Ota yhteytt\u00e4<\/a><\/li><li class=\"wp-block-pages-list__item\"><a class=\"wp-block-pages-list__item__link\" href=\"https:\/\/sahkokone.com\/?page_id=212\">Poikkeavat aukioloajat<\/a><\/li><li class=\"wp-block-pages-list__item\"><a class=\"wp-block-pages-list__item__link\" href=\"https:\/\/sahkokone.com\/?page_id=103\">S\u00e4hk\u00f6laitteista hy\u00f6dyllist\u00e4 tietoa<\/a><\/li><li class=\"wp-block-pages-list__item\"><a class=\"wp-block-pages-list__item__link\" href=\"https:\/\/sahkokone.com\/?page_id=53\">Separett<\/a><\/li><li class=\"wp-block-pages-list__item\"><a class=\"wp-block-pages-list__item__link\" href=\"https:\/\/sahkokone.com\/?page_id=503\">Takuukorjaukset, vastuutaulukko<\/a><\/li><li class=\"wp-block-pages-list__item\"><a class=\"wp-block-pages-list__item__link\" href=\"https:\/\/sahkokone.com\/?page_id=304\">Tietosuoja<\/a><\/li><li class=\"wp-block-pages-list__item\"><a class=\"wp-block-pages-list__item__link\" href=\"https:\/\/sahkokone.com\/?page_id=73\">Ty\u00f6hinnat<\/a><\/li><\/ul>","protected":false},"excerpt":{"rendered":"<p>P\u00e4ivitys hakuun 11.12.2025Haku sulkeutuu heti kun sopiva hakija l\u00f6ytyy, ty\u00f6teht\u00e4v\u00e4t on mahdollista aloittaa kanssamme v\u00e4litt\u00f6m\u00e4sti. Haku alkaa 25.10.2025 ja uusi ty\u00f6ntekij\u00e4 aloittaa kanssamme viimeist\u00e4\u00e4n 30.3.2026 Haemme kev\u00e4\u00e4ll\u00e4 2026 ty\u00f6ntekij\u00f6it\u00e4 ty\u00f6teht\u00e4viin s\u00e4hk\u00f6ty\u00f6kalujen ja laitteiden sek\u00e4 polttomoottoreiden, ty\u00f6koneiden ja generaattoreiden korjaukseen.Ty\u00f6aika on 30\u201340 tuntia viikossa. Toivomme hakijalta perustaitoja ty\u00f6kalujen k\u00e4yt\u00f6st\u00e4 ja jonkinlaista kokemusta mekaanisten laitteiden parissa ty\u00f6skentelyst\u00e4.Aikaisempi &hellip; <\/p>\n<p class=\"link-more\"><a href=\"https:\/\/sahkokone.com\/?page_id=417\" class=\"more-link\">Jatka lukemista<span class=\"screen-reader-text\"> &#8221;Avoimet ty\u00f6paikat&#8221;<\/span><\/a><\/p>\n","protected":false},"author":1,"featured_media":0,"parent":0,"menu_order":0,"comment_status":"closed","ping_status":"closed","template":"","meta":{"footnotes":""},"class_list":["post-417","page","type-page","status-publish","hentry"],"_links":{"self":[{"href":"https:\/\/sahkokone.com\/index.php?rest_route=\/wp\/v2\/pages\/417","targetHints":{"allow":["GET"]}}],"collection":[{"href":"https:\/\/sahkokone.com\/index.php?rest_route=\/wp\/v2\/pages"}],"about":[{"href":"https:\/\/sahkokone.com\/index.php?rest_route=\/wp\/v2\/types\/page"}],"author":[{"embeddable":true,"href":"https:\/\/sahkokone.com\/index.php?rest_route=\/wp\/v2\/users\/1"}],"replies":[{"embeddable":true,"href":"https:\/\/sahkokone.com\/index.php?rest_route=%2Fwp%2Fv2%2Fcomments&post=417"}],"version-history":[{"count":5,"href":"https:\/\/sahkokone.com\/index.php?rest_route=\/wp\/v2\/pages\/417\/revisions"}],"predecessor-version":[{"id":446,"href":"https:\/\/sahkokone.com\/index.php?rest_route=\/wp\/v2\/pages\/417\/revisions\/446"}],"wp:attachment":[{"href":"https:\/\/sahkokone.com\/index.php?rest_route=%2Fwp%2Fv2%2Fmedia&parent=417"}],"curies":[{"name":"wp","href":"https:\/\/api.w.org\/{rel}","templated":true}]}}