{"id":53,"date":"2024-11-04T13:18:01","date_gmt":"2024-11-04T11:18:01","guid":{"rendered":"https:\/\/sahkokone.com\/?page_id=53"},"modified":"2025-01-20T13:22:22","modified_gmt":"2025-01-20T11:22:22","slug":"separett","status":"publish","type":"page","link":"https:\/\/sahkokone.com\/?page_id=53","title":{"rendered":"Separett"},"content":{"rendered":"\n<h1 class=\"wp-block-heading\">Kausihuollon varaus<\/h1>\n\n\n\n<p>Polttavat k\u00e4ym\u00e4l\u00e4t tarvitsevat s\u00e4\u00e4nn\u00f6llist\u00e4 huoltamista toimiakseen oikein ja optimaalisesti. Suositeltu huoltov\u00e4li on 1000 vastustunnin tai 5 vuoden v\u00e4lein.<\/p>\n\n\n\n<p>Kausihuollon  hinta on 389,00 <br>Ainoastaan vastuksen vaihto sis\u00e4ltyy kausihuollon hintaan. Muiden osien vaihto veloitetaan erillisen varaosahinnaston ja tuntiveloituksen mukaan.&nbsp;<a href=\"https:\/\/separett.com\/fi\/huoltoehdot-suomi\" target=\"_blank\" rel=\"noreferrer noopener\">Huoltoehdot p\u00e4\u00e4set lukemaan kilkkaamalla t\u00e4st\u00e4.<\/a><\/p>\n\n\n\n<p>Voit lomakkeen lis\u00e4tietoihin kirjoittaa, mik\u00e4li haluat jonkin viankorjauksen kausihuollon yhteydess\u00e4, l\u00e4het\u00e4th\u00e4n lomakkeen meille ennen pytyn tuontia.<br><br><\/p>\n\n\n<p><div class=\"forminator-ui forminator-custom-form forminator-custom-form-59 forminator-design--default  forminator_ajax\" data-forminator-render=\"0\" data-form=\"forminator-module-59\" data-uid=\"69f30e4ee15ec\"><br\/><\/div><form\n\t\t\t\tid=\"forminator-module-59\"\n\t\t\t\tclass=\"forminator-ui forminator-custom-form forminator-custom-form-59 forminator-design--default  forminator_ajax\"\n\t\t\t\tmethod=\"post\"\n\t\t\t\tdata-forminator-render=\"0\"\n\t\t\t\tdata-form-id=\"59\"\n\t\t\t\t data-color-option=\"default\" data-design=\"default\" data-grid=\"open\" style=\"display: none;\"\n\t\t\t\tdata-uid=\"69f30e4ee15ec\"\n\t\t\t><div role=\"alert\" aria-live=\"polite\" class=\"forminator-response-message forminator-error\" aria-hidden=\"true\"><\/div><div class=\"forminator-row\"><div id=\"name-1\" class=\"forminator-field-name forminator-col forminator-col-12 \"><div class=\"forminator-field\"><label for=\"forminator-field-name-1_69f30e4ee15ec\" id=\"forminator-field-name-1_69f30e4ee15ec-label\" class=\"forminator-label\">Etunimi ja sukunimi <span class=\"forminator-required\">*<\/span><\/label><input type=\"text\" name=\"name-1\" value=\"\" placeholder=\"\" id=\"forminator-field-name-1_69f30e4ee15ec\" class=\"forminator-input forminator-name--field\" aria-required=\"true\" autocomplete=\"name\" \/><\/div><\/div><\/div><div class=\"forminator-row\"><div id=\"email-1\" class=\"forminator-field-email forminator-col forminator-col-12 \"><div class=\"forminator-field\"><label for=\"forminator-field-email-1_69f30e4ee15ec\" id=\"forminator-field-email-1_69f30e4ee15ec-label\" class=\"forminator-label\">S\u00e4hk\u00f6postiosoite <span class=\"forminator-required\">*<\/span><\/label><input type=\"email\" name=\"email-1\" value=\"\" placeholder=\"\" id=\"forminator-field-email-1_69f30e4ee15ec\" class=\"forminator-input forminator-email--field\" data-required=\"true\" aria-required=\"true\" autocomplete=\"email\" \/><\/div><\/div><\/div><div class=\"forminator-row\"><div id=\"phone-1\" class=\"forminator-field-phone forminator-col forminator-col-12 \"><div class=\"forminator-field\"><label for=\"forminator-field-phone-1_69f30e4ee15ec\" id=\"forminator-field-phone-1_69f30e4ee15ec-label\" class=\"forminator-label\">Puhelinnumero<\/label><input type=\"text\" name=\"phone-1\" value=\"\" placeholder=\"\" id=\"forminator-field-phone-1_69f30e4ee15ec\" class=\"forminator-input forminator-field--phone\" data-required=\"\" aria-required=\"false\" autocomplete=\"off\" \/><\/div><\/div><\/div><div class=\"forminator-row\"><div id=\"textarea-1\" class=\"forminator-field-textarea forminator-col forminator-col-12 \"><div class=\"forminator-field\"><label for=\"forminator-field-textarea-1_69f30e4ee15ec\" id=\"forminator-field-textarea-1_69f30e4ee15ec-label\" class=\"forminator-label\">Viestisi korjaamolle<\/label><textarea name=\"textarea-1\" placeholder=\"Kirjoita viestisi..\" id=\"forminator-field-textarea-1_69f30e4ee15ec\" class=\"forminator-textarea\" rows=\"6\" style=\"--forminator-textarea-min-height:140px;\" maxlength=\"180\" ><\/textarea><span id=\"forminator-field-textarea-1_69f30e4ee15ec-description\" class=\"forminator-description\"><span data-limit=\"180\" data-type=\"characters\" data-editor=\"\">0 \/ 180<\/span><\/span><\/div><\/div><\/div><div class=\"forminator-row\"><div id=\"captcha-1\" class=\"forminator-field-captcha forminator-col forminator-col-12 \"><div class=\"forminator-captcha-left forminator-g-recaptcha\" data-theme=\"light\"  data-sitekey=\"6Ld300wrAAAAAHWElu-T1sTmzi-zDX_tThLynJrY\" data-size=\"normal\"><\/div> <\/div><\/div><input type=\"hidden\" name=\"referer_url\" value=\"\" \/><div class=\"forminator-row forminator-row-last\"><div class=\"forminator-col\"><div class=\"forminator-field\"><button class=\"forminator-button forminator-button-submit\">L&auml;het&auml; lomake<\/button><\/div><\/div><\/div><input type=\"hidden\" id=\"forminator_nonce\" name=\"forminator_nonce\" value=\"ee61937eb2\" \/><input type=\"hidden\" name=\"_wp_http_referer\" value=\"\/index.php?rest_route=%2Fwp%2Fv2%2Fpages%2F53\" \/><input type=\"hidden\" name=\"form_id\" value=\"59\"><input type=\"hidden\" name=\"page_id\" value=\"53\"><input type=\"hidden\" name=\"form_type\" value=\"default\"><input type=\"hidden\" name=\"current_url\" value=\"https:\/\/sahkokone.com\/?page_id=53\"><input type=\"hidden\" name=\"render_id\" value=\"0\"><input type=\"hidden\" name=\"action\" value=\"forminator_submit_form_custom-forms\"><\/form><\/p>\n\n\n<ul class=\"wp-block-page-list\"><li class=\"wp-block-pages-list__item\"><a class=\"wp-block-pages-list__item__link\" href=\"https:\/\/sahkokone.com\/?page_id=417\">Avoimet ty\u00f6paikat<\/a><\/li><li class=\"wp-block-pages-list__item\"><a class=\"wp-block-pages-list__item__link\" href=\"https:\/\/sahkokone.com\/?page_id=530\">Ekohytte, pakastava<\/a><\/li><li class=\"wp-block-pages-list__item\"><a class=\"wp-block-pages-list__item__link\" href=\"https:\/\/sahkokone.com\/?page_id=527\">El-Dorado<\/a><\/li><li class=\"wp-block-pages-list__item menu-item-home\"><a class=\"wp-block-pages-list__item__link\" href=\"https:\/\/sahkokone.com\/\">Etusivu<\/a><\/li><li class=\"wp-block-pages-list__item\"><a class=\"wp-block-pages-list__item__link\" href=\"https:\/\/sahkokone.com\/?page_id=39\">Korjaamomme<\/a><\/li><li class=\"wp-block-pages-list__item\"><a class=\"wp-block-pages-list__item__link\" href=\"https:\/\/sahkokone.com\/?page_id=62\">L\u00e4hete korjaamolle<\/a><\/li><li class=\"wp-block-pages-list__item\"><a class=\"wp-block-pages-list__item__link\" href=\"https:\/\/sahkokone.com\/?page_id=70\">Noutopalvelu<\/a><\/li><li class=\"wp-block-pages-list__item\"><a class=\"wp-block-pages-list__item__link\" href=\"https:\/\/sahkokone.com\/?page_id=76\">Ota yhteytt\u00e4<\/a><\/li><li class=\"wp-block-pages-list__item\"><a class=\"wp-block-pages-list__item__link\" href=\"https:\/\/sahkokone.com\/?page_id=212\">Poikkeavat aukioloajat<\/a><\/li><li class=\"wp-block-pages-list__item\"><a class=\"wp-block-pages-list__item__link\" href=\"https:\/\/sahkokone.com\/?page_id=103\">S\u00e4hk\u00f6laitteista hy\u00f6dyllist\u00e4 tietoa<\/a><\/li><li class=\"wp-block-pages-list__item\"><a class=\"wp-block-pages-list__item__link\" href=\"https:\/\/sahkokone.com\/?page_id=53\">Separett<\/a><\/li><li class=\"wp-block-pages-list__item\"><a class=\"wp-block-pages-list__item__link\" href=\"https:\/\/sahkokone.com\/?page_id=503\">Takuukorjaukset, vastuutaulukko<\/a><\/li><li class=\"wp-block-pages-list__item\"><a class=\"wp-block-pages-list__item__link\" href=\"https:\/\/sahkokone.com\/?page_id=304\">Tietosuoja<\/a><\/li><li class=\"wp-block-pages-list__item\"><a class=\"wp-block-pages-list__item__link\" href=\"https:\/\/sahkokone.com\/?page_id=73\">Ty\u00f6hinnat<\/a><\/li><\/ul>","protected":false},"excerpt":{"rendered":"<p>Kausihuollon varaus Polttavat k\u00e4ym\u00e4l\u00e4t tarvitsevat s\u00e4\u00e4nn\u00f6llist\u00e4 huoltamista toimiakseen oikein ja optimaalisesti. Suositeltu huoltov\u00e4li on 1000 vastustunnin tai 5 vuoden v\u00e4lein. Kausihuollon hinta on 389,00 Ainoastaan vastuksen vaihto sis\u00e4ltyy kausihuollon hintaan. Muiden osien vaihto veloitetaan erillisen varaosahinnaston ja tuntiveloituksen mukaan.&nbsp;Huoltoehdot p\u00e4\u00e4set lukemaan kilkkaamalla t\u00e4st\u00e4. Voit lomakkeen lis\u00e4tietoihin kirjoittaa, mik\u00e4li haluat jonkin viankorjauksen kausihuollon yhteydess\u00e4, l\u00e4het\u00e4th\u00e4n lomakkeen &hellip; <\/p>\n<p class=\"link-more\"><a href=\"https:\/\/sahkokone.com\/?page_id=53\" class=\"more-link\">Jatka lukemista<span class=\"screen-reader-text\"> &#8221;Separett&#8221;<\/span><\/a><\/p>\n","protected":false},"author":1,"featured_media":0,"parent":0,"menu_order":0,"comment_status":"closed","ping_status":"closed","template":"","meta":{"footnotes":""},"class_list":["post-53","page","type-page","status-publish","hentry"],"_links":{"self":[{"href":"https:\/\/sahkokone.com\/index.php?rest_route=\/wp\/v2\/pages\/53","targetHints":{"allow":["GET"]}}],"collection":[{"href":"https:\/\/sahkokone.com\/index.php?rest_route=\/wp\/v2\/pages"}],"about":[{"href":"https:\/\/sahkokone.com\/index.php?rest_route=\/wp\/v2\/types\/page"}],"author":[{"embeddable":true,"href":"https:\/\/sahkokone.com\/index.php?rest_route=\/wp\/v2\/users\/1"}],"replies":[{"embeddable":true,"href":"https:\/\/sahkokone.com\/index.php?rest_route=%2Fwp%2Fv2%2Fcomments&post=53"}],"version-history":[{"count":5,"href":"https:\/\/sahkokone.com\/index.php?rest_route=\/wp\/v2\/pages\/53\/revisions"}],"predecessor-version":[{"id":525,"href":"https:\/\/sahkokone.com\/index.php?rest_route=\/wp\/v2\/pages\/53\/revisions\/525"}],"wp:attachment":[{"href":"https:\/\/sahkokone.com\/index.php?rest_route=%2Fwp%2Fv2%2Fmedia&parent=53"}],"curies":[{"name":"wp","href":"https:\/\/api.w.org\/{rel}","templated":true}]}}