{"id":62,"date":"2024-11-04T14:17:21","date_gmt":"2024-11-04T12:17:21","guid":{"rendered":"https:\/\/sahkokone.com\/?page_id=62"},"modified":"2025-02-06T13:17:42","modified_gmt":"2025-02-06T11:17:42","slug":"lahete-korjaamolle","status":"publish","type":"page","link":"https:\/\/sahkokone.com\/?page_id=62","title":{"rendered":"L\u00e4hete korjaamolle"},"content":{"rendered":"\n<p>Toivomme ett\u00e4 t\u00e4yt\u00e4tte allaolevan lomakkeen tulevasta korjauksestanne, etuk\u00e4teistieto nopeuttaa tuotteenne k\u00e4sittelyaikaa korjaamossamme ja koneellisesti t\u00e4ytetty vikatieto on asentajiemme k\u00e4yt\u00f6ss\u00e4 v\u00e4litt\u00f6m\u00e4sti koneen korjauksen aloitettuaan.<\/p>\n\n\n<p><div class=\"forminator-ui forminator-custom-form forminator-custom-form-65 forminator-design--default  forminator_ajax\" data-forminator-render=\"0\" data-form=\"forminator-module-65\" data-uid=\"6a00cc6418666\"><br\/><\/div><form\n\t\t\t\tid=\"forminator-module-65\"\n\t\t\t\tclass=\"forminator-ui forminator-custom-form forminator-custom-form-65 forminator-design--default  forminator_ajax\"\n\t\t\t\tmethod=\"post\"\n\t\t\t\tdata-forminator-render=\"0\"\n\t\t\t\tdata-form-id=\"65\"\n\t\t\t\t data-color-option=\"default\" data-design=\"default\" data-grid=\"open\" style=\"display: none;\"\n\t\t\t\tdata-uid=\"6a00cc6418666\"\n\t\t\t><div role=\"alert\" aria-live=\"polite\" class=\"forminator-response-message forminator-error\" aria-hidden=\"true\"><\/div><div class=\"forminator-row\"><div id=\"checkbox-1\" class=\"forminator-field-checkbox forminator-col forminator-col-12 \"><div role=\"group\" class=\"forminator-field\" aria-labelledby=\"forminator-checkbox-group-forminator-field-checkbox-1-6a00cc6418666-label\"><span id=\"forminator-checkbox-group-forminator-field-checkbox-1-6a00cc6418666-label\" class=\"forminator-label\">Takuukorjaus \/ veloituskorjaus<\/span><label id=\"forminator-field-checkbox-1-1-6a00cc6418666-label\" for=\"forminator-field-checkbox-1-1-6a00cc6418666\" class=\"forminator-checkbox\" title=\"Takuukorjaus (takuuaika voimassa)\"><input type=\"checkbox\" name=\"checkbox-1[]\" value=\"service-1\" id=\"forminator-field-checkbox-1-1-6a00cc6418666\" aria-labelledby=\"forminator-field-checkbox-1-1-6a00cc6418666-label\" data-calculation=\"0\"  \/><span class=\"forminator-checkbox-box\" aria-hidden=\"true\"><\/span><span class=\"forminator-checkbox-label\">Takuukorjaus (takuuaika voimassa)<\/span><\/label><label id=\"forminator-field-checkbox-1-2-6a00cc6418666-label\" for=\"forminator-field-checkbox-1-2-6a00cc6418666\" class=\"forminator-checkbox\" title=\"Veloituskorjaus (takuuaika ei voimassa)\"><input type=\"checkbox\" name=\"checkbox-1[]\" value=\"service-2\" id=\"forminator-field-checkbox-1-2-6a00cc6418666\" aria-labelledby=\"forminator-field-checkbox-1-2-6a00cc6418666-label\" data-calculation=\"0\"  \/><span class=\"forminator-checkbox-box\" aria-hidden=\"true\"><\/span><span class=\"forminator-checkbox-label\">Veloituskorjaus (takuuaika ei voimassa)<\/span><\/label><\/div><\/div><\/div><div class=\"forminator-row\"><div id=\"textarea-1\" class=\"forminator-field-textarea forminator-col forminator-col-12 \"><div class=\"forminator-field\"><label for=\"forminator-field-textarea-1_6a00cc6418666\" id=\"forminator-field-textarea-1_6a00cc6418666-label\" class=\"forminator-label\">Vikatieto koneessa ja miten vika ilmaantui<\/label><textarea name=\"textarea-1\" placeholder=\"\" id=\"forminator-field-textarea-1_6a00cc6418666\" class=\"forminator-textarea\" rows=\"6\" style=\"--forminator-textarea-min-height:140px;\" maxlength=\"180\" ><\/textarea><span id=\"forminator-field-textarea-1_6a00cc6418666-description\" class=\"forminator-description\"><span data-limit=\"180\" data-type=\"characters\" data-editor=\"\">0 \/ 180<\/span><\/span><\/div><\/div><\/div><div class=\"forminator-row\"><div id=\"name-1\" class=\"forminator-field-name forminator-col forminator-col-12 \"><div class=\"forminator-field\"><label for=\"forminator-field-name-1_6a00cc6418666\" id=\"forminator-field-name-1_6a00cc6418666-label\" class=\"forminator-label\">Etu ja sukunimi <span class=\"forminator-required\">*<\/span><\/label><input type=\"text\" name=\"name-1\" value=\"\" placeholder=\"\" id=\"forminator-field-name-1_6a00cc6418666\" class=\"forminator-input forminator-name--field\" aria-required=\"true\" autocomplete=\"name\" aria-describedby=\"forminator-field-name-1_6a00cc6418666-description\" \/><span id=\"forminator-field-name-1_6a00cc6418666-description\" class=\"forminator-description\">Takuukorjauksen ollessa kyseess\u00e4, muistathan lis\u00e4t\u00e4 koneen ostokuitin koneen mukaan<\/span><\/div><\/div><\/div><div class=\"forminator-row\"><div id=\"email-1\" class=\"forminator-field-email forminator-col forminator-col-12 \"><div class=\"forminator-field\"><label for=\"forminator-field-email-1_6a00cc6418666\" id=\"forminator-field-email-1_6a00cc6418666-label\" class=\"forminator-label\">S\u00e4hk\u00f6postiosoite <span class=\"forminator-required\">*<\/span><\/label><input type=\"email\" name=\"email-1\" value=\"\" placeholder=\"\" id=\"forminator-field-email-1_6a00cc6418666\" class=\"forminator-input forminator-email--field\" data-required=\"true\" aria-required=\"true\" autocomplete=\"email\" \/><\/div><\/div><\/div><div class=\"forminator-row\"><div id=\"phone-1\" class=\"forminator-field-phone forminator-col forminator-col-12 \"><div class=\"forminator-field\"><label for=\"forminator-field-phone-1_6a00cc6418666\" id=\"forminator-field-phone-1_6a00cc6418666-label\" class=\"forminator-label\">Puhelin numero <span class=\"forminator-required\">*<\/span><\/label><input type=\"text\" name=\"phone-1\" value=\"\" placeholder=\"\" id=\"forminator-field-phone-1_6a00cc6418666\" class=\"forminator-input forminator-field--phone\" data-required=\"1\" aria-required=\"true\" autocomplete=\"off\" data-validation=\"1\" \/><\/div><\/div><\/div><div class=\"forminator-row\"><div id=\"date-1\" class=\"forminator-field-date forminator-col forminator-col-12 \"><div class=\"forminator-field\"><label for=\"forminator-field-date-1-picker_6a00cc6418666\" id=\"forminator-field-date-1-picker_6a00cc6418666-label\" class=\"forminator-label\">Koneen ostop\u00e4iv\u00e4, mik\u00e4li kyseess\u00e4 takuukorjaus<\/label><div class=\"forminator-input-with-icon\"><span class=\"forminator-icon-calendar\" aria-hidden=\"true\"><\/span><input autocomplete=\"off\" type=\"text\" size=\"1\" name=\"date-1\" value=\"\" placeholder=\"\" id=\"forminator-field-date-1-picker_6a00cc6418666\" class=\"forminator-input forminator-datepicker\" data-required=\"\" data-format=\"mm\/dd\/yy\" data-restrict-type=\"\" data-restrict=\"\" data-start-year=\"1926\" data-end-year=\"2126\" data-past-dates=\"enable\" data-start-of-week=\"1\" data-start-date=\"\" data-end-date=\"\" data-start-field=\"\" data-end-field=\"\" data-start-offset=\"\" data-end-offset=\"\" data-disable-date=\"\" data-disable-range=\"\" \/><\/div><\/div><\/div><\/div><div class=\"forminator-row\"><div id=\"textarea-2\" class=\"forminator-field-textarea forminator-col forminator-col-12 \"><div class=\"forminator-field\"><label for=\"forminator-field-textarea-2_6a00cc6418666\" id=\"forminator-field-textarea-2_6a00cc6418666-label\" class=\"forminator-label\">Koneen myyj\u00e4n tiedot mik\u00e4li kyseess\u00e4 takuukorjaus (kauppa ja kaupunki)<\/label><textarea name=\"textarea-2\" placeholder=\"\" id=\"forminator-field-textarea-2_6a00cc6418666\" class=\"forminator-textarea\" rows=\"6\" style=\"--forminator-textarea-min-height:140px;\" ><\/textarea><\/div><\/div><\/div><div class=\"forminator-row\"><div id=\"captcha-1\" class=\"forminator-field-captcha forminator-col forminator-col-12 \"><div class=\"forminator-captcha-left forminator-g-recaptcha\" data-theme=\"light\"  data-sitekey=\"6Ld300wrAAAAAHWElu-T1sTmzi-zDX_tThLynJrY\" data-size=\"normal\"><\/div> <\/div><\/div><input type=\"hidden\" name=\"referer_url\" value=\"\" \/><div class=\"forminator-row forminator-row-last\"><div class=\"forminator-col\"><div class=\"forminator-field\"><button class=\"forminator-button forminator-button-submit\">L&auml;het&auml; lomake<\/button><\/div><\/div><\/div><input type=\"hidden\" id=\"forminator_nonce\" name=\"forminator_nonce\" value=\"c29700b0e5\" \/><input type=\"hidden\" name=\"_wp_http_referer\" value=\"\/index.php?rest_route=%2Fwp%2Fv2%2Fpages%2F62\" \/><input type=\"hidden\" name=\"form_id\" value=\"65\"><input type=\"hidden\" name=\"page_id\" value=\"62\"><input type=\"hidden\" name=\"form_type\" value=\"default\"><input type=\"hidden\" name=\"current_url\" value=\"https:\/\/sahkokone.com\/?page_id=62\"><input type=\"hidden\" name=\"render_id\" value=\"0\"><input type=\"hidden\" name=\"action\" value=\"forminator_submit_form_custom-forms\"><\/form><\/p>\n\n\n<ul class=\"wp-block-page-list\"><li class=\"wp-block-pages-list__item\"><a class=\"wp-block-pages-list__item__link\" href=\"https:\/\/sahkokone.com\/?page_id=417\">Avoimet ty\u00f6paikat<\/a><\/li><li class=\"wp-block-pages-list__item\"><a class=\"wp-block-pages-list__item__link\" href=\"https:\/\/sahkokone.com\/?page_id=530\">Ekohytte, pakastava<\/a><\/li><li class=\"wp-block-pages-list__item\"><a class=\"wp-block-pages-list__item__link\" href=\"https:\/\/sahkokone.com\/?page_id=527\">El-Dorado<\/a><\/li><li class=\"wp-block-pages-list__item menu-item-home\"><a class=\"wp-block-pages-list__item__link\" href=\"https:\/\/sahkokone.com\/\">Etusivu<\/a><\/li><li class=\"wp-block-pages-list__item\"><a class=\"wp-block-pages-list__item__link\" href=\"https:\/\/sahkokone.com\/?page_id=39\">Korjaamomme<\/a><\/li><li class=\"wp-block-pages-list__item\"><a class=\"wp-block-pages-list__item__link\" href=\"https:\/\/sahkokone.com\/?page_id=62\">L\u00e4hete korjaamolle<\/a><\/li><li class=\"wp-block-pages-list__item\"><a class=\"wp-block-pages-list__item__link\" href=\"https:\/\/sahkokone.com\/?page_id=70\">Noutopalvelu<\/a><\/li><li class=\"wp-block-pages-list__item\"><a class=\"wp-block-pages-list__item__link\" href=\"https:\/\/sahkokone.com\/?page_id=76\">Ota yhteytt\u00e4<\/a><\/li><li class=\"wp-block-pages-list__item\"><a class=\"wp-block-pages-list__item__link\" href=\"https:\/\/sahkokone.com\/?page_id=212\">Poikkeavat aukioloajat<\/a><\/li><li class=\"wp-block-pages-list__item\"><a class=\"wp-block-pages-list__item__link\" href=\"https:\/\/sahkokone.com\/?page_id=103\">S\u00e4hk\u00f6laitteista hy\u00f6dyllist\u00e4 tietoa<\/a><\/li><li class=\"wp-block-pages-list__item\"><a class=\"wp-block-pages-list__item__link\" href=\"https:\/\/sahkokone.com\/?page_id=53\">Separett<\/a><\/li><li class=\"wp-block-pages-list__item\"><a class=\"wp-block-pages-list__item__link\" href=\"https:\/\/sahkokone.com\/?page_id=503\">Takuukorjaukset, vastuutaulukko<\/a><\/li><li class=\"wp-block-pages-list__item\"><a class=\"wp-block-pages-list__item__link\" href=\"https:\/\/sahkokone.com\/?page_id=304\">Tietosuoja<\/a><\/li><li class=\"wp-block-pages-list__item\"><a class=\"wp-block-pages-list__item__link\" href=\"https:\/\/sahkokone.com\/?page_id=73\">Ty\u00f6hinnat<\/a><\/li><\/ul>","protected":false},"excerpt":{"rendered":"<p>Toivomme ett\u00e4 t\u00e4yt\u00e4tte allaolevan lomakkeen tulevasta korjauksestanne, etuk\u00e4teistieto nopeuttaa tuotteenne k\u00e4sittelyaikaa korjaamossamme ja koneellisesti t\u00e4ytetty vikatieto on asentajiemme k\u00e4yt\u00f6ss\u00e4 v\u00e4litt\u00f6m\u00e4sti koneen korjauksen aloitettuaan.<\/p>\n","protected":false},"author":1,"featured_media":0,"parent":0,"menu_order":0,"comment_status":"closed","ping_status":"closed","template":"","meta":{"footnotes":""},"class_list":["post-62","page","type-page","status-publish","hentry"],"_links":{"self":[{"href":"https:\/\/sahkokone.com\/index.php?rest_route=\/wp\/v2\/pages\/62","targetHints":{"allow":["GET"]}}],"collection":[{"href":"https:\/\/sahkokone.com\/index.php?rest_route=\/wp\/v2\/pages"}],"about":[{"href":"https:\/\/sahkokone.com\/index.php?rest_route=\/wp\/v2\/types\/page"}],"author":[{"embeddable":true,"href":"https:\/\/sahkokone.com\/index.php?rest_route=\/wp\/v2\/users\/1"}],"replies":[{"embeddable":true,"href":"https:\/\/sahkokone.com\/index.php?rest_route=%2Fwp%2Fv2%2Fcomments&post=62"}],"version-history":[{"count":9,"href":"https:\/\/sahkokone.com\/index.php?rest_route=\/wp\/v2\/pages\/62\/revisions"}],"predecessor-version":[{"id":279,"href":"https:\/\/sahkokone.com\/index.php?rest_route=\/wp\/v2\/pages\/62\/revisions\/279"}],"wp:attachment":[{"href":"https:\/\/sahkokone.com\/index.php?rest_route=%2Fwp%2Fv2%2Fmedia&parent=62"}],"curies":[{"name":"wp","href":"https:\/\/api.w.org\/{rel}","templated":true}]}}